{"id":142,"date":"2017-04-13T19:52:28","date_gmt":"2017-04-13T19:52:28","guid":{"rendered":"http:\/\/nexionscorp.com\/?page_id=142"},"modified":"2017-04-13T20:11:18","modified_gmt":"2017-04-13T20:11:18","slug":"portugues2","status":"publish","type":"page","link":"https:\/\/nexionscorp.com\/?page_id=142","title":{"rendered":"Portugues2"},"content":{"rendered":"<div id=\"pl-142\"  class=\"panel-layout\" ><div id=\"pg-142-0\"  class=\"panel-grid panel-no-style\" ><div id=\"pgc-142-0-0\"  class=\"panel-grid-cell\" ><div id=\"panel-142-0-0-0\" class=\"so-panel widget widget_sow-editor panel-first-child panel-last-child\" data-index=\"0\" ><div\n\t\t\t\n\t\t\tclass=\"so-widget-sow-editor so-widget-sow-editor-base\"\n\t\t\t\n\t\t>\n<div class=\"siteorigin-widget-tinymce textwidget\">\n\t<table width=\"100%\">\n<tbody>\n<tr>\n<td colspan=\"1\" rowspan=\"1\" width=\"100%\">\n<p><strong>Setor de Constru\u00e7\u00e3o<\/strong><\/p>\n<\/td>\n<\/tr>\n<\/tbody>\n<\/table>\n<table width=\"100%\">\n<tbody>\n<tr>\n<td colspan=\"1\" rowspan=\"1\" width=\"100%\">\n<p>Na area&nbsp;de Constru\u00e7\u00e3o e Ind\u00fastria, a&nbsp;Nexions fornece materiais,&nbsp;equipamentos comerciais, ferramentas e material de apoio a pre\u00e7os competitivos.&nbsp; Oferecemos pe\u00e7as de reposi\u00e7\u00e3o&nbsp;necess\u00e1rias para a manuten\u00e7\u00e3o da maioria de fabricantes de motores e equipamentos reconhecidos, incluindo&nbsp;Detroit Diesel, GM,&nbsp; e outros;&nbsp;oferecemos&nbsp;material e equipamentos auxiliares para motores,&nbsp; incluindo keelcoolers,&nbsp; buchas,&nbsp;&nbsp;bombas&nbsp;e mais.&nbsp;Nos especializamos no fornecimento de pe\u00e7as de reposicao e equipamentos para guindastes American Crane, Lorain, e outros.&nbsp; Na Nexions, nos&nbsp;procuramos&nbsp;o que o cliente necessita, e&nbsp;n\u00e3o simplesmente procuramos&nbsp;vender aquilo que temos.&nbsp;&nbsp;Para um servi\u00e7o profissional e r\u00e1pido, e precos competitivos, envie um email agora para&nbsp;<a href=\"mailto:info@nexionscorp.com\">info@nexionscorp.com<\/a>.<\/p>\n<\/td>\n<\/tr>\n<\/tbody>\n<\/table>\n<p>&nbsp;<\/p>\n<figure id=\"attachment_145\" class=\"thumbnail wp-caption aligncenter\" style=\"width: 99px\"><a href=\"http:\/\/nexionscorp.com\/?page_id=35\"><img loading=\"lazy\" decoding=\"async\" class=\"wp-image-145\" src=\"http:\/\/nexionscorp.com\/wp-content\/uploads\/2017\/04\/americanflag.png\" alt=\"\" width=\"99\" height=\"58\"\/><\/a><figcaption class=\"caption wp-caption-text\">&nbsp; &nbsp; &nbsp;English<\/figcaption><\/figure>\n<table width=\"100%\">\n<tbody>\n<tr>\n<td>\n<p style=\"text-align: center;\"><strong>For all sales and general inquiries please call Nexions Corp.<br \/>p. 305-234-6042 or e-mail us at <\/strong><a href=\"mailto:info@nexionscorp.com\"><strong>info@nexionscorp.com<\/strong><\/a><\/p>\n<\/td>\n<\/tr>\n<\/tbody>\n<\/table>\n<\/div>\n<\/div><\/div><\/div><\/div><\/div>","protected":false},"excerpt":{"rendered":"<p>Setor de Constru\u00e7\u00e3oNa area&nbsp;de Constru\u00e7\u00e3o e Ind\u00fastria, a&nbsp;Nexions fornece materiais,&nbsp;equipamentos comerciais, ferramentas e material de apoio a pre\u00e7os competitivos.&nbsp; Oferecemos pe\u00e7as de reposi\u00e7\u00e3o&nbsp;necess\u00e1rias para a manuten\u00e7\u00e3o da maioria de fabricantes de motores e equipamentos reconhecidos, incluindo&nbsp;Detroit Diesel, GM,&nbsp; e outros;&nbsp;oferecemos&nbsp;material &hellip; <a href=\"https:\/\/nexionscorp.com\/?page_id=142\">Continued<\/a><\/p>\n","protected":false},"author":1,"featured_media":0,"parent":0,"menu_order":0,"comment_status":"closed","ping_status":"closed","template":"page-feature.php","meta":{"footnotes":""},"class_list":["post-142","page","type-page","status-publish","hentry"],"_links":{"self":[{"href":"https:\/\/nexionscorp.com\/index.php?rest_route=\/wp\/v2\/pages\/142","targetHints":{"allow":["GET"]}}],"collection":[{"href":"https:\/\/nexionscorp.com\/index.php?rest_route=\/wp\/v2\/pages"}],"about":[{"href":"https:\/\/nexionscorp.com\/index.php?rest_route=\/wp\/v2\/types\/page"}],"author":[{"embeddable":true,"href":"https:\/\/nexionscorp.com\/index.php?rest_route=\/wp\/v2\/users\/1"}],"replies":[{"embeddable":true,"href":"https:\/\/nexionscorp.com\/index.php?rest_route=%2Fwp%2Fv2%2Fcomments&post=142"}],"version-history":[{"count":2,"href":"https:\/\/nexionscorp.com\/index.php?rest_route=\/wp\/v2\/pages\/142\/revisions"}],"predecessor-version":[{"id":147,"href":"https:\/\/nexionscorp.com\/index.php?rest_route=\/wp\/v2\/pages\/142\/revisions\/147"}],"wp:attachment":[{"href":"https:\/\/nexionscorp.com\/index.php?rest_route=%2Fwp%2Fv2%2Fmedia&parent=142"}],"curies":[{"name":"wp","href":"https:\/\/api.w.org\/{rel}","templated":true}]}}