{"id":173,"date":"2017-04-13T20:51:00","date_gmt":"2017-04-13T20:51:00","guid":{"rendered":"http:\/\/nexionscorp.com\/?page_id=173"},"modified":"2017-04-13T20:51:00","modified_gmt":"2017-04-13T20:51:00","slug":"portugues4","status":"publish","type":"page","link":"https:\/\/nexionscorp.com\/?page_id=173","title":{"rendered":"Portugues4"},"content":{"rendered":"<div id=\"pl-173\"  class=\"panel-layout\" ><div id=\"pg-173-0\"  class=\"panel-grid panel-no-style\" ><div id=\"pgc-173-0-0\"  class=\"panel-grid-cell\" ><div id=\"panel-173-0-0-0\" class=\"so-panel widget widget_sow-editor panel-first-child panel-last-child\" data-index=\"0\" ><div class=\"panel-widget-style panel-widget-style-for-173-0-0-0\" ><div\n\t\t\t\n\t\t\tclass=\"so-widget-sow-editor so-widget-sow-editor-base\"\n\t\t\t\n\t\t>\n<div class=\"siteorigin-widget-tinymce textwidget\">\n\t<table width=\"100%\">\n<tbody>\n<tr>\n<td colspan=\"\" rowspan=\"\" width=\"100%\">\n<p><strong>Setor Ind\u00fastrial<\/strong><\/p>\n<\/td>\n<\/tr>\n<\/tbody>\n<\/table>\n<table width=\"100%\">\n<tbody>\n<tr>\n<td colspan=\"\" rowspan=\"\" width=\"100%\">\n<p>Bemvindo \u00e0 p\u00e1gina de Industria em Geral.&nbsp; \u00c9 nesta \u00e1rea onde a Nexions brilha, pois trata-se da&nbsp; especialidade da Nexions.&nbsp; A empresa foi fundada com a ideia que sempre estaria envolvido numa grande variedade de produtos e servi\u00e7os.&nbsp; Se seu neg\u00f3cio \u00e9 fabrica\u00e7\u00e3o, ferramentos, constru\u00e7\u00e3o, transporte ou algum outro interesse comercial, o chance \u00e9 grande que Nexions poderia ser um parceiro bom para encontrar os seus materiais no mercado internacional.&nbsp; A seguir poder\u00e1 ver uma representa\u00e7\u00e3o das categorias de produtos.&nbsp; Apresentamos nossos produtos desta maneira porque na Nexions, especializamos em achar o que voce esteja querendo, n\u00e3o simplesmente procurando vender aquilo que temos.&nbsp;&nbsp; Ao revisar nossas categorias de produtos, poder\u00e1 encontrar que Nexions pode satisfazer qualquer necessidade comercial incluindo Seguran\u00e7a, Comunica\u00e7\u00e3o, Eletr\u00f3nicos, Pe\u00e7as para Caminh\u00f5es e Caminh\u00f5es Especializadas, Maquinaria, Equipamento e Pe\u00e7as Sobresalentes.&nbsp; Para um servi\u00e7o profissional e r\u00e1pido, e precos competitivos, envie um email agora para <a href=\"mailto:info@nexionscorp.com\">info@nexionscorp.com.<\/a><\/p>\n<p>&nbsp;<\/p>\n<figure id=\"attachment_145\" class=\"thumbnail wp-caption aligncenter\" style=\"width: 70px\"><a href=\"http:\/\/nexionscorp.com\/?page_id=39\"><img loading=\"lazy\" decoding=\"async\" class=\" wp-image-145\" src=\"http:\/\/nexionscorp.com\/wp-content\/uploads\/2017\/04\/americanflag.png\" alt=\"\" width=\"70\" height=\"41\"\/><\/a><figcaption class=\"caption wp-caption-text\">&nbsp; English<\/figcaption><\/figure>\n<p>&nbsp;<\/p>\n<div align=\"center\"><b><span style=\"font-family: arial, verdana, sans-serif; font-size: medium;\">For all sales and general inquiries please call Nexions Corp.<br \/>p. 305-234-6042 or e-mail us at <\/span><\/b><a href=\"mailto:info@nexionscorp.com\"><b><span style=\"font-family: arial, verdana, sans-serif; font-size: medium;\">info@nexionscorp.com<\/span><\/b><\/a><\/div>\n<p>&nbsp;<\/p>\n<\/td>\n<\/tr>\n<\/tbody>\n<\/table>\n<\/div>\n<\/div><\/div><\/div><\/div><\/div><\/div>","protected":false},"excerpt":{"rendered":"<p>Setor Ind\u00fastrialBemvindo \u00e0 p\u00e1gina de Industria em Geral.&nbsp; \u00c9 nesta \u00e1rea onde a Nexions brilha, pois trata-se da&nbsp; especialidade da Nexions.&nbsp; A empresa foi fundada com a ideia que sempre estaria envolvido numa grande variedade de produtos e servi\u00e7os.&nbsp; Se &hellip; <a href=\"https:\/\/nexionscorp.com\/?page_id=173\">Continued<\/a><\/p>\n","protected":false},"author":1,"featured_media":0,"parent":0,"menu_order":0,"comment_status":"closed","ping_status":"closed","template":"page-portfolio.php","meta":{"footnotes":""},"class_list":["post-173","page","type-page","status-publish","hentry"],"_links":{"self":[{"href":"https:\/\/nexionscorp.com\/index.php?rest_route=\/wp\/v2\/pages\/173","targetHints":{"allow":["GET"]}}],"collection":[{"href":"https:\/\/nexionscorp.com\/index.php?rest_route=\/wp\/v2\/pages"}],"about":[{"href":"https:\/\/nexionscorp.com\/index.php?rest_route=\/wp\/v2\/types\/page"}],"author":[{"embeddable":true,"href":"https:\/\/nexionscorp.com\/index.php?rest_route=\/wp\/v2\/users\/1"}],"replies":[{"embeddable":true,"href":"https:\/\/nexionscorp.com\/index.php?rest_route=%2Fwp%2Fv2%2Fcomments&post=173"}],"version-history":[{"count":1,"href":"https:\/\/nexionscorp.com\/index.php?rest_route=\/wp\/v2\/pages\/173\/revisions"}],"predecessor-version":[{"id":174,"href":"https:\/\/nexionscorp.com\/index.php?rest_route=\/wp\/v2\/pages\/173\/revisions\/174"}],"wp:attachment":[{"href":"https:\/\/nexionscorp.com\/index.php?rest_route=%2Fwp%2Fv2%2Fmedia&parent=173"}],"curies":[{"name":"wp","href":"https:\/\/api.w.org\/{rel}","templated":true}]}}