{"id":247,"date":"2017-04-14T15:23:12","date_gmt":"2017-04-14T15:23:12","guid":{"rendered":"http:\/\/nexionscorp.com\/?page_id=247"},"modified":"2017-04-14T15:39:18","modified_gmt":"2017-04-14T15:39:18","slug":"portugues5","status":"publish","type":"page","link":"https:\/\/nexionscorp.com\/?page_id=247","title":{"rendered":"Portugues5"},"content":{"rendered":"<div id=\"pl-247\"  class=\"panel-layout\" ><div id=\"pg-247-0\"  class=\"panel-grid panel-has-style\" ><div class=\"panel-row-style panel-row-style-for-247-0\" ><div id=\"pgc-247-0-0\"  class=\"panel-grid-cell\" ><div id=\"panel-247-0-0-0\" class=\"so-panel widget widget_sow-editor panel-first-child panel-last-child\" data-index=\"0\" ><div\n\t\t\t\n\t\t\tclass=\"so-widget-sow-editor so-widget-sow-editor-base\"\n\t\t\t\n\t\t>\n<div class=\"siteorigin-widget-tinymce textwidget\">\n\t<h2 style=\"text-align: center;\">Seguran\u00e7a<\/h2>\n<p>Seguran\u00e7a ambiental e no trabalho \u00e9 um assunto que a Nexions leva muito a s\u00e9rio. Consideramos que e nossa responsabilidade \u00e9 providenciar o maior numero de solu\u00e7\u00f5es disponiveis. Se trata de manter o seu ambiente seguro, a Nexions pode lhe ajudar. A seguir pode ver algums dos produtos que temos nesta \u00e1rea. Se voc\u00ea precisa de algum produto que n\u00e3o consta, favor nos ligar ou enviar um email para <a href=\"mailto:info@nexionscorp.com\">info@nexionscorp.com<\/a>. Responderemos rapidamente com uma cota\u00e7\u00e3o competitiva com entrega r\u00e1pida.<\/p>\n<p>&nbsp;<\/p>\n<p style=\"text-align: center;\"><a href=\"http:\/\/nexionscorp.com\/?page_id=41\"><img loading=\"lazy\" decoding=\"async\" class=\"wp-image-145 aligncenter\" src=\"http:\/\/nexionscorp.com\/wp-content\/uploads\/2017\/04\/americanflag.png\" alt=\"\" width=\"61\" height=\"36\"\/><\/a>&nbsp; English<\/p>\n<p style=\"text-align: center;\"><strong>For all sales and general inquiries please call Nexions Corp.<\/strong><\/p>\n<p style=\"text-align: center;\"><strong>p. 305-234-6042 or e-mail us at <\/strong><a href=\"mailto:info@nexionscorp.com\"><strong>info@nexionscorp.com<\/strong><\/a><\/p>\n<\/div>\n<\/div><\/div><\/div><\/div><\/div><\/div>","protected":false},"excerpt":{"rendered":"<p>Seguran\u00e7aSeguran\u00e7a ambiental e no trabalho \u00e9 um assunto que a Nexions leva muito a s\u00e9rio. Consideramos que e nossa responsabilidade \u00e9 providenciar o maior numero de solu\u00e7\u00f5es disponiveis. Se trata de manter o seu ambiente seguro, a Nexions pode lhe &hellip; <a href=\"https:\/\/nexionscorp.com\/?page_id=247\">Continued<\/a><\/p>\n","protected":false},"author":1,"featured_media":0,"parent":0,"menu_order":0,"comment_status":"closed","ping_status":"closed","template":"page-feature.php","meta":{"footnotes":""},"class_list":["post-247","page","type-page","status-publish","hentry"],"_links":{"self":[{"href":"https:\/\/nexionscorp.com\/index.php?rest_route=\/wp\/v2\/pages\/247","targetHints":{"allow":["GET"]}}],"collection":[{"href":"https:\/\/nexionscorp.com\/index.php?rest_route=\/wp\/v2\/pages"}],"about":[{"href":"https:\/\/nexionscorp.com\/index.php?rest_route=\/wp\/v2\/types\/page"}],"author":[{"embeddable":true,"href":"https:\/\/nexionscorp.com\/index.php?rest_route=\/wp\/v2\/users\/1"}],"replies":[{"embeddable":true,"href":"https:\/\/nexionscorp.com\/index.php?rest_route=%2Fwp%2Fv2%2Fcomments&post=247"}],"version-history":[{"count":5,"href":"https:\/\/nexionscorp.com\/index.php?rest_route=\/wp\/v2\/pages\/247\/revisions"}],"predecessor-version":[{"id":255,"href":"https:\/\/nexionscorp.com\/index.php?rest_route=\/wp\/v2\/pages\/247\/revisions\/255"}],"wp:attachment":[{"href":"https:\/\/nexionscorp.com\/index.php?rest_route=%2Fwp%2Fv2%2Fmedia&parent=247"}],"curies":[{"name":"wp","href":"https:\/\/api.w.org\/{rel}","templated":true}]}}