{"id":271,"date":"2017-04-14T16:56:30","date_gmt":"2017-04-14T16:56:30","guid":{"rendered":"http:\/\/nexionscorp.com\/?page_id=271"},"modified":"2017-04-14T16:56:49","modified_gmt":"2017-04-14T16:56:49","slug":"portugues6","status":"publish","type":"page","link":"https:\/\/nexionscorp.com\/?page_id=271","title":{"rendered":"Portugues6"},"content":{"rendered":"<div id=\"pl-271\"  class=\"panel-layout\" ><div id=\"pg-271-0\"  class=\"panel-grid panel-no-style\" ><div id=\"pgc-271-0-0\"  class=\"panel-grid-cell\" ><div id=\"panel-271-0-0-0\" class=\"so-panel widget widget_sow-editor panel-first-child panel-last-child\" data-index=\"0\" ><div\n\t\t\t\n\t\t\tclass=\"so-widget-sow-editor so-widget-sow-editor-base\"\n\t\t\t\n\t\t>\n<div class=\"siteorigin-widget-tinymce textwidget\">\n\t<p style=\"text-align: center;\"><strong><span style=\"font-size: large;\"><span lang=\"ES\">Comunica<\/span><span lang=\"ES\">\u00e7\u00e3<\/span><span lang=\"ES\">o<\/span><\/span><\/strong><\/p>\n<p>Comunica\u00e7\u00f5es s\u00e3o um parte integral de todo projeto commercial.&nbsp; Se trata de r\u00e1dios b\u00e1sicos ou sistemas sem fio, a Nexions tem o seu produto.&nbsp; Como um distribudor principal da Talking Headsets, representamos um dos produtos mais avan\u00e7ados de tecnologia sem fio no mercado atual.&nbsp; Tambem fornecemos r\u00e1dios ICOM, Motorola and Standard.&nbsp; A seguir pode ver algums dos produtos que temos nesta \u00e1rea.&nbsp; Se voc\u00ea precisa de algum produto que n\u00e3o consta, favor ligar ou enviar um email para <a href=\"mailto:info@nexionscorp.com\" target=\"null\"><span style=\"color: #00ccff;\">info@nexionscorp.com<\/span><\/a><span style=\"color: #00ccff;\">.<\/span>&nbsp; Responderemos rapidamente com uma cota\u00e7\u00e3o competitiva com entrega r\u00e1pida.<\/p>\n<p>&nbsp;<\/p>\n<figure id=\"attachment_145\" class=\"thumbnail wp-caption aligncenter\" style=\"width: 60px\"><a href=\"http:\/\/nexionscorp.com\/?page_id=43\"><img loading=\"lazy\" decoding=\"async\" class=\" wp-image-145\" src=\"http:\/\/nexionscorp.com\/wp-content\/uploads\/2017\/04\/americanflag.png\" alt=\"\" width=\"60\" height=\"35\"\/><\/a><figcaption class=\"caption wp-caption-text\">English<\/figcaption><\/figure>\n<p>&nbsp;<\/p>\n<p style=\"text-align: center;\"><b><span style=\"font-family: arial, verdana, sans-serif; font-size: medium;\">For all sales and general inquiries please call Nexions Corp.<br \/>p. 305-234-6042 or e-mail us at <\/span><\/b><a href=\"mailto:info@nexionscorp.com\"><b><span style=\"font-family: arial, verdana, sans-serif; font-size: medium;\">info@nexionscorp.com<\/span><\/b><\/a><\/p>\n<div id=\"printwrap\" class=\"secondary\">&nbsp;<\/div>\n<\/div>\n<\/div><\/div><\/div><\/div><\/div>","protected":false},"excerpt":{"rendered":"<p>Comunica\u00e7\u00e3oComunica\u00e7\u00f5es s\u00e3o um parte integral de todo projeto commercial.&nbsp; Se trata de r\u00e1dios b\u00e1sicos ou sistemas sem fio, a Nexions tem o seu produto.&nbsp; Como um distribudor principal da Talking Headsets, representamos um dos produtos mais avan\u00e7ados de tecnologia sem &hellip; <a href=\"https:\/\/nexionscorp.com\/?page_id=271\">Continued<\/a><\/p>\n","protected":false},"author":1,"featured_media":0,"parent":0,"menu_order":0,"comment_status":"closed","ping_status":"closed","template":"page-portfolio.php","meta":{"footnotes":""},"class_list":["post-271","page","type-page","status-publish","hentry"],"_links":{"self":[{"href":"https:\/\/nexionscorp.com\/index.php?rest_route=\/wp\/v2\/pages\/271","targetHints":{"allow":["GET"]}}],"collection":[{"href":"https:\/\/nexionscorp.com\/index.php?rest_route=\/wp\/v2\/pages"}],"about":[{"href":"https:\/\/nexionscorp.com\/index.php?rest_route=\/wp\/v2\/types\/page"}],"author":[{"embeddable":true,"href":"https:\/\/nexionscorp.com\/index.php?rest_route=\/wp\/v2\/users\/1"}],"replies":[{"embeddable":true,"href":"https:\/\/nexionscorp.com\/index.php?rest_route=%2Fwp%2Fv2%2Fcomments&post=271"}],"version-history":[{"count":2,"href":"https:\/\/nexionscorp.com\/index.php?rest_route=\/wp\/v2\/pages\/271\/revisions"}],"predecessor-version":[{"id":273,"href":"https:\/\/nexionscorp.com\/index.php?rest_route=\/wp\/v2\/pages\/271\/revisions\/273"}],"wp:attachment":[{"href":"https:\/\/nexionscorp.com\/index.php?rest_route=%2Fwp%2Fv2%2Fmedia&parent=271"}],"curies":[{"name":"wp","href":"https:\/\/api.w.org\/{rel}","templated":true}]}}