{"id":287,"date":"2017-04-14T17:14:29","date_gmt":"2017-04-14T17:14:29","guid":{"rendered":"http:\/\/nexionscorp.com\/?page_id=287"},"modified":"2017-04-14T17:16:04","modified_gmt":"2017-04-14T17:16:04","slug":"portugues7","status":"publish","type":"page","link":"https:\/\/nexionscorp.com\/?page_id=287","title":{"rendered":"Portugues7"},"content":{"rendered":"<div id=\"pl-287\"  class=\"panel-layout\" ><div id=\"pg-287-0\"  class=\"panel-grid panel-no-style\" ><div id=\"pgc-287-0-0\"  class=\"panel-grid-cell\" ><div id=\"panel-287-0-0-0\" class=\"so-panel widget widget_sow-editor panel-first-child panel-last-child\" data-index=\"0\" ><div\n\t\t\t\n\t\t\tclass=\"so-widget-sow-editor so-widget-sow-editor-base\"\n\t\t\t\n\t\t>\n<div class=\"siteorigin-widget-tinymce textwidget\">\n\t<h3 style=\"text-align: center;\"><strong>Eletr\u00f3nicos e Componentes<\/strong><\/h3>\n<p>&nbsp;<\/p>\n<p>Produtos Eletr\u00f3nicos e Componentes s\u00e3o disponiveis para quase todas as ind\u00fastrias para as quais prestamos servi\u00e7os. Nexions pode providenciar produtos essenciais. Componentes para computadores sao parte dos produtos oferecidos pela Nexions. A seguir pode ver algums dos produtos que temos nesta \u00e1rea. Se voc\u00ea precisa de algum produto que n\u00e3o consta, favor ligar ou enviar um email para <a href=\"mailto:info@nexionscorp.com\">info@nexionscorp.com<\/a>. Responderemos rapidamente com uma cota\u00e7\u00e3o competitiva com entrega r\u00e1pida.<\/p>\n<figure id=\"attachment_145\" class=\"thumbnail wp-caption aligncenter\" style=\"width: 55px\"><a href=\"http:\/\/nexionscorp.com\/?page_id=45\"><img loading=\"lazy\" decoding=\"async\" class=\" wp-image-145\" src=\"http:\/\/nexionscorp.com\/wp-content\/uploads\/2017\/04\/americanflag.png\" alt=\"\" width=\"55\" height=\"32\"\/><\/a><figcaption class=\"caption wp-caption-text\">&nbsp;English<\/figcaption><\/figure>\n<p style=\"text-align: center;\">&nbsp;<\/p>\n<p style=\"text-align: center;\"><strong>For all sales and general inquiries please call Nexions Corp.<br \/>p. 305-234-6042 or e-mail us at <\/strong><a href=\"mailto:info@nexionscorp.com\"><strong>info@nexionscorp.com<\/strong><\/a><\/p>\n<p>&nbsp;<\/p>\n<\/div>\n<\/div><\/div><\/div><\/div><\/div>","protected":false},"excerpt":{"rendered":"<p>Eletr\u00f3nicos e Componentes&nbsp;Produtos Eletr\u00f3nicos e Componentes s\u00e3o disponiveis para quase todas as ind\u00fastrias para as quais prestamos servi\u00e7os. Nexions pode providenciar produtos essenciais. Componentes para computadores sao parte dos produtos oferecidos pela Nexions. A seguir pode ver algums dos produtos &hellip; <a href=\"https:\/\/nexionscorp.com\/?page_id=287\">Continued<\/a><\/p>\n","protected":false},"author":1,"featured_media":0,"parent":0,"menu_order":0,"comment_status":"closed","ping_status":"closed","template":"page-portfolio.php","meta":{"footnotes":""},"class_list":["post-287","page","type-page","status-publish","hentry"],"_links":{"self":[{"href":"https:\/\/nexionscorp.com\/index.php?rest_route=\/wp\/v2\/pages\/287","targetHints":{"allow":["GET"]}}],"collection":[{"href":"https:\/\/nexionscorp.com\/index.php?rest_route=\/wp\/v2\/pages"}],"about":[{"href":"https:\/\/nexionscorp.com\/index.php?rest_route=\/wp\/v2\/types\/page"}],"author":[{"embeddable":true,"href":"https:\/\/nexionscorp.com\/index.php?rest_route=\/wp\/v2\/users\/1"}],"replies":[{"embeddable":true,"href":"https:\/\/nexionscorp.com\/index.php?rest_route=%2Fwp%2Fv2%2Fcomments&post=287"}],"version-history":[{"count":2,"href":"https:\/\/nexionscorp.com\/index.php?rest_route=\/wp\/v2\/pages\/287\/revisions"}],"predecessor-version":[{"id":290,"href":"https:\/\/nexionscorp.com\/index.php?rest_route=\/wp\/v2\/pages\/287\/revisions\/290"}],"wp:attachment":[{"href":"https:\/\/nexionscorp.com\/index.php?rest_route=%2Fwp%2Fv2%2Fmedia&parent=287"}],"curies":[{"name":"wp","href":"https:\/\/api.w.org\/{rel}","templated":true}]}}