{"id":297,"date":"2017-04-14T17:26:16","date_gmt":"2017-04-14T17:26:16","guid":{"rendered":"http:\/\/nexionscorp.com\/?page_id=297"},"modified":"2017-04-14T17:26:26","modified_gmt":"2017-04-14T17:26:26","slug":"portugues8","status":"publish","type":"page","link":"https:\/\/nexionscorp.com\/?page_id=297","title":{"rendered":"Portugues8"},"content":{"rendered":"<div id=\"pl-297\"  class=\"panel-layout\" ><div id=\"pg-297-0\"  class=\"panel-grid panel-no-style\" ><div id=\"pgc-297-0-0\"  class=\"panel-grid-cell\" ><div id=\"panel-297-0-0-0\" class=\"so-panel widget widget_sow-editor panel-first-child panel-last-child\" data-index=\"0\" ><div\n\t\t\t\n\t\t\tclass=\"so-widget-sow-editor so-widget-sow-editor-base\"\n\t\t\t\n\t\t>\n<div class=\"siteorigin-widget-tinymce textwidget\">\n\t<h3 style=\"text-align: center;\"><strong>Publica\u00e7\u00f5es Na\u00fa<\/strong><strong>ticas<\/strong><\/h3>\n<p>Publica\u00e7\u00f5es Na\u00faticas para Navega\u00e7\u00e3o representam um grande parte dos neg\u00f3cios da Nexions. Podemos oferecer a melhor sele\u00e7\u00e3o de cartas atualizadas para todos os mares do mundo. Vendemos as publica\u00e7\u00f5es mais atualizadas de cartas na\u00faticas, cartas a prova de \u00e1gua e eletr\u00f3nicos. Adicionalmente, sistemas de posicionamento GPS s\u00e3o disponiveis em modelos montados e moveis. A seguir pode ver algums dos produtos que temos nesta \u00e1rea. So voc\u00ea precisa algum produto que n\u00e3o consta, favor nos ligar ou enviar um email para <a href=\"mailto:info@nexionscorp.com\">info@nexionscorp.com<\/a>.&nbsp; Responderemos rapidamente com uma cotacao competitiva com entrega rapida.<\/p>\n<p>&nbsp;<\/p>\n<figure id=\"attachment_145\" class=\"thumbnail wp-caption aligncenter\" style=\"width: 46px\"><a href=\"http:\/\/nexionscorp.com\/?page_id=47\"><img loading=\"lazy\" decoding=\"async\" class=\" wp-image-145\" src=\"http:\/\/nexionscorp.com\/wp-content\/uploads\/2017\/04\/americanflag.png\" alt=\"\" width=\"46\" height=\"27\"\/><\/a><figcaption class=\"caption wp-caption-text\">English<\/figcaption><\/figure>\n<p>&nbsp;<\/p>\n<p style=\"text-align: center;\"><strong>For all sales and general inquiries please call Nexions Corp.<br \/>p. 305-234-6042 or e-mail us at <\/strong><a href=\"mailto:info@nexionscorp.com\"><strong>info@nexionscorp.com<\/strong><\/a><\/p>\n<\/div>\n<\/div><\/div><\/div><\/div><\/div>","protected":false},"excerpt":{"rendered":"<p>Publica\u00e7\u00f5es Na\u00faticasPublica\u00e7\u00f5es Na\u00faticas para Navega\u00e7\u00e3o representam um grande parte dos neg\u00f3cios da Nexions. Podemos oferecer a melhor sele\u00e7\u00e3o de cartas atualizadas para todos os mares do mundo. Vendemos as publica\u00e7\u00f5es mais atualizadas de cartas na\u00faticas, cartas a prova de \u00e1gua &hellip; <a href=\"https:\/\/nexionscorp.com\/?page_id=297\">Continued<\/a><\/p>\n","protected":false},"author":1,"featured_media":0,"parent":0,"menu_order":0,"comment_status":"closed","ping_status":"closed","template":"page-portfolio.php","meta":{"footnotes":""},"class_list":["post-297","page","type-page","status-publish","hentry"],"_links":{"self":[{"href":"https:\/\/nexionscorp.com\/index.php?rest_route=\/wp\/v2\/pages\/297","targetHints":{"allow":["GET"]}}],"collection":[{"href":"https:\/\/nexionscorp.com\/index.php?rest_route=\/wp\/v2\/pages"}],"about":[{"href":"https:\/\/nexionscorp.com\/index.php?rest_route=\/wp\/v2\/types\/page"}],"author":[{"embeddable":true,"href":"https:\/\/nexionscorp.com\/index.php?rest_route=\/wp\/v2\/users\/1"}],"replies":[{"embeddable":true,"href":"https:\/\/nexionscorp.com\/index.php?rest_route=%2Fwp%2Fv2%2Fcomments&post=297"}],"version-history":[{"count":1,"href":"https:\/\/nexionscorp.com\/index.php?rest_route=\/wp\/v2\/pages\/297\/revisions"}],"predecessor-version":[{"id":298,"href":"https:\/\/nexionscorp.com\/index.php?rest_route=\/wp\/v2\/pages\/297\/revisions\/298"}],"wp:attachment":[{"href":"https:\/\/nexionscorp.com\/index.php?rest_route=%2Fwp%2Fv2%2Fmedia&parent=297"}],"curies":[{"name":"wp","href":"https:\/\/api.w.org\/{rel}","templated":true}]}}