{"id":324,"date":"2017-04-17T19:43:40","date_gmt":"2017-04-17T19:43:40","guid":{"rendered":"http:\/\/nexionscorp.com\/?page_id=324"},"modified":"2017-04-17T19:43:40","modified_gmt":"2017-04-17T19:43:40","slug":"portugues10","status":"publish","type":"page","link":"https:\/\/nexionscorp.com\/?page_id=324","title":{"rendered":"Portugues10"},"content":{"rendered":"<div id=\"pl-324\"  class=\"panel-layout\" ><div id=\"pg-324-0\"  class=\"panel-grid panel-no-style\" ><div id=\"pgc-324-0-0\"  class=\"panel-grid-cell\" ><div id=\"panel-324-0-0-0\" class=\"so-panel widget widget_sow-editor panel-first-child panel-last-child\" data-index=\"0\" ><div\n\t\t\t\n\t\t\tclass=\"so-widget-sow-editor so-widget-sow-editor-base\"\n\t\t\t\n\t\t>\n<div class=\"siteorigin-widget-tinymce textwidget\">\n\t<p>&nbsp;<\/p>\n<h3 style=\"text-align: center;\">Produtos Gerais<\/h3>\n<p>Produtos Gerais tamb\u00eam s\u00e3o oferecidos pela Nexions.&nbsp; Este segimento do nosso neg\u00f3cio originalmente comen\u00e7ou com solicitacoes de assist\u00e9ncia feitas por clientes buscando produtos que tradicionalmente n\u00e3o oferecemos.&nbsp; Em tempo, desenvolviu para um departamento dedicado para a procura de produtos utilizados em setores comerciais e industriais. Abaixo voc\u00ea pode ver uma breve representa\u00e7\u00e3o das produtos que tem oferecido. So voc\u00ea precisa algum produto que n\u00e3o consta, favor ligar ou enviar um email para <a href=\"mailto:info@nexionscorp.com\">info@nexionscorp.com<\/a>.&nbsp; Responderemos rapidamente com uma cota\u00e7\u00e3o competitiva com entrega r\u00e1pida.&nbsp;<\/p>\n<p>&nbsp;<\/p>\n<figure id=\"attachment_145\" class=\"thumbnail wp-caption aligncenter\" style=\"width: 54px\"><a href=\"http:\/\/nexionscorp.com\/?page_id=51\"><img loading=\"lazy\" decoding=\"async\" class=\" wp-image-145\" src=\"http:\/\/nexionscorp.com\/wp-content\/uploads\/2017\/04\/americanflag.png\" alt=\"\" width=\"54\" height=\"32\"\/><\/a><figcaption class=\"caption wp-caption-text\">English<\/figcaption><\/figure>\n<p>&nbsp;<\/p>\n<p style=\"text-align: center;\"><strong>For all sales and general inquiries please call Nexions Corp.<br \/>p. 305-234-6042 or e-mail us at <\/strong><a href=\"mailto:info@nexionscorp.com\"><strong>info@nexionscorp.com<\/strong><\/a><\/p>\n<p>&nbsp;<\/p>\n<\/div>\n<\/div><\/div><\/div><\/div><\/div>","protected":false},"excerpt":{"rendered":"<p>&nbsp;Produtos GeraisProdutos Gerais tamb\u00eam s\u00e3o oferecidos pela Nexions.&nbsp; Este segimento do nosso neg\u00f3cio originalmente comen\u00e7ou com solicitacoes de assist\u00e9ncia feitas por clientes buscando produtos que tradicionalmente n\u00e3o oferecemos.&nbsp; Em tempo, desenvolviu para um departamento dedicado para a procura de produtos &hellip; <a href=\"https:\/\/nexionscorp.com\/?page_id=324\">Continued<\/a><\/p>\n","protected":false},"author":1,"featured_media":0,"parent":0,"menu_order":0,"comment_status":"closed","ping_status":"closed","template":"page-portfolio.php","meta":{"footnotes":""},"class_list":["post-324","page","type-page","status-publish","hentry"],"_links":{"self":[{"href":"https:\/\/nexionscorp.com\/index.php?rest_route=\/wp\/v2\/pages\/324","targetHints":{"allow":["GET"]}}],"collection":[{"href":"https:\/\/nexionscorp.com\/index.php?rest_route=\/wp\/v2\/pages"}],"about":[{"href":"https:\/\/nexionscorp.com\/index.php?rest_route=\/wp\/v2\/types\/page"}],"author":[{"embeddable":true,"href":"https:\/\/nexionscorp.com\/index.php?rest_route=\/wp\/v2\/users\/1"}],"replies":[{"embeddable":true,"href":"https:\/\/nexionscorp.com\/index.php?rest_route=%2Fwp%2Fv2%2Fcomments&post=324"}],"version-history":[{"count":2,"href":"https:\/\/nexionscorp.com\/index.php?rest_route=\/wp\/v2\/pages\/324\/revisions"}],"predecessor-version":[{"id":326,"href":"https:\/\/nexionscorp.com\/index.php?rest_route=\/wp\/v2\/pages\/324\/revisions\/326"}],"wp:attachment":[{"href":"https:\/\/nexionscorp.com\/index.php?rest_route=%2Fwp%2Fv2%2Fmedia&parent=324"}],"curies":[{"name":"wp","href":"https:\/\/api.w.org\/{rel}","templated":true}]}}